{"id":897,"date":"2018-09-11T08:00:51","date_gmt":"2018-09-11T08:00:51","guid":{"rendered":"http:\/\/soprondental.com\/?page_id=897"},"modified":"2025-03-03T16:05:57","modified_gmt":"2025-03-03T16:05:57","slug":"startseite","status":"publish","type":"page","link":"https:\/\/soprondental.com\/de\/","title":{"rendered":"Startseite"},"content":{"rendered":"<h1>PRAXIS DR. SZAB\u00d3<\/h1>\n<h1 id=\"u3415-4\" class=\"F-c-m\">WILLKOMMEN ZU UNSERER ZAHNKLINIK IN SOPRON!<\/h1>\n<p>Unsere Zahnarztpraxis in Sopron steht unseren Patienten seit 2006 zur Verf\u00fcgung.<\/p>\n","protected":false},"excerpt":{"rendered":"<p>PRAXIS DR. SZAB\u00d3 WILLKOMMEN ZU UNSERER ZAHNKLINIK IN SOPRON! Unsere [&hellip;]<\/p>\n","protected":false},"author":1,"featured_media":58,"parent":0,"menu_order":0,"comment_status":"closed","ping_status":"closed","template":"template_home.php","meta":[],"acf":[],"yoast_head":"<!-- This site is optimized with the Yoast SEO plugin v20.4 - https:\/\/yoast.com\/wordpress\/plugins\/seo\/ -->\n<title>Sopron Dental - Zahnarztpraxis Dr. Szab\u00f3<\/title>\n<meta name=\"description\" content=\"Unsere Zahnarztpraxis in Sopron steht unseren Patienten seit 2006 zur Verf\u00fcgung. Zahnimplantate, Professionelle Zahnaufhellung, ALL ON 4, Zahnprothesen im Zahnarztpraxis Dr. Szab\u00f3 in Sopron.\" \/>\n<meta name=\"robots\" content=\"index, follow, max-snippet:-1, max-image-preview:large, max-video-preview:-1\" \/>\n<link rel=\"canonical\" href=\"https:\/\/soprondental.com\/de\/\" \/>\n<meta property=\"og:locale\" content=\"de_DE\" \/>\n<meta property=\"og:type\" content=\"article\" \/>\n<meta property=\"og:title\" content=\"Sopron Dental - Zahnarztpraxis Dr. Szab\u00f3\" \/>\n<meta property=\"og:description\" content=\"Unsere Zahnarztpraxis in Sopron steht unseren Patienten seit 2006 zur Verf\u00fcgung. Zahnimplantate, Professionelle Zahnaufhellung, ALL ON 4, Zahnprothesen im Zahnarztpraxis Dr. Szab\u00f3 in Sopron.\" \/>\n<meta property=\"og:url\" content=\"https:\/\/soprondental.com\/de\/\" \/>\n<meta property=\"og:site_name\" content=\"Sopron - Zahnarzt Praxis Dr. Szab\u00f3\" \/>\n<meta property=\"article:modified_time\" content=\"2025-03-03T16:05:57+00:00\" \/>\n<meta property=\"og:image\" content=\"https:\/\/soprondental.com\/wp-content\/uploads\/2018\/07\/prdr_color_hero_c_1920x1000.jpg\" \/>\n\t<meta property=\"og:image:width\" content=\"1920\" \/>\n\t<meta property=\"og:image:height\" content=\"1000\" \/>\n\t<meta property=\"og:image:type\" content=\"image\/jpeg\" \/>\n<meta name=\"twitter:card\" content=\"summary_large_image\" \/>\n<meta name=\"twitter:label1\" content=\"Gesch\u00e4tzte Lesezeit\" \/>\n\t<meta name=\"twitter:data1\" content=\"1 Minute\" \/>\n<script type=\"application\/ld+json\" class=\"yoast-schema-graph\">{\"@context\":\"https:\/\/schema.org\",\"@graph\":[{\"@type\":\"WebPage\",\"@id\":\"https:\/\/soprondental.com\/de\/\",\"url\":\"https:\/\/soprondental.com\/de\/\",\"name\":\"Sopron Dental - Zahnarztpraxis Dr. Szab\u00f3\",\"isPartOf\":{\"@id\":\"https:\/\/soprondental.com\/de\/#website\"},\"datePublished\":\"2018-09-11T08:00:51+00:00\",\"dateModified\":\"2025-03-03T16:05:57+00:00\",\"description\":\"Unsere Zahnarztpraxis in Sopron steht unseren Patienten seit 2006 zur Verf\u00fcgung. Zahnimplantate, Professionelle Zahnaufhellung, ALL ON 4, Zahnprothesen im Zahnarztpraxis Dr. Szab\u00f3 in Sopron.\",\"inLanguage\":\"de-DE\",\"potentialAction\":[{\"@type\":\"ReadAction\",\"target\":[\"https:\/\/soprondental.com\/de\/\"]}]},{\"@type\":\"WebSite\",\"@id\":\"https:\/\/soprondental.com\/de\/#website\",\"url\":\"https:\/\/soprondental.com\/de\/\",\"name\":\"Sopron - Zahnarzt Praxis Dr. Szab\u00f3\",\"description\":\"Professzion\u00e1lis fogfeh\u00e9r\u00edt\u00e9s, fog implant\u00e1tum, ALL ON 4, fogp\u00f3tl\u00e1s f\u00e1jdalommentesen Praxis Dr. Szab\u00f3 fog\u00e1szati rendel\u0151ben Megb\u00edzhat\u00f3 Fogorvos Sopronban\",\"potentialAction\":[{\"@type\":\"SearchAction\",\"target\":{\"@type\":\"EntryPoint\",\"urlTemplate\":\"https:\/\/soprondental.com\/de\/?s={search_term_string}\"},\"query-input\":\"required name=search_term_string\"}],\"inLanguage\":\"de-DE\"}]}<\/script>\n<!-- \/ Yoast SEO plugin. -->","yoast_head_json":{"title":"Sopron Dental - Zahnarztpraxis Dr. Szab\u00f3","description":"Unsere Zahnarztpraxis in Sopron steht unseren Patienten seit 2006 zur Verf\u00fcgung. Zahnimplantate, Professionelle Zahnaufhellung, ALL ON 4, Zahnprothesen im Zahnarztpraxis Dr. Szab\u00f3 in Sopron.","robots":{"index":"index","follow":"follow","max-snippet":"max-snippet:-1","max-image-preview":"max-image-preview:large","max-video-preview":"max-video-preview:-1"},"canonical":"https:\/\/soprondental.com\/de\/","og_locale":"de_DE","og_type":"article","og_title":"Sopron Dental - Zahnarztpraxis Dr. Szab\u00f3","og_description":"Unsere Zahnarztpraxis in Sopron steht unseren Patienten seit 2006 zur Verf\u00fcgung. Zahnimplantate, Professionelle Zahnaufhellung, ALL ON 4, Zahnprothesen im Zahnarztpraxis Dr. Szab\u00f3 in Sopron.","og_url":"https:\/\/soprondental.com\/de\/","og_site_name":"Sopron - Zahnarzt Praxis Dr. Szab\u00f3","article_modified_time":"2025-03-03T16:05:57+00:00","og_image":[{"width":1920,"height":1000,"url":"https:\/\/soprondental.com\/wp-content\/uploads\/2018\/07\/prdr_color_hero_c_1920x1000.jpg","type":"image\/jpeg"}],"twitter_card":"summary_large_image","twitter_misc":{"Gesch\u00e4tzte Lesezeit":"1 Minute"},"schema":{"@context":"https:\/\/schema.org","@graph":[{"@type":"WebPage","@id":"https:\/\/soprondental.com\/de\/","url":"https:\/\/soprondental.com\/de\/","name":"Sopron Dental - Zahnarztpraxis Dr. Szab\u00f3","isPartOf":{"@id":"https:\/\/soprondental.com\/de\/#website"},"datePublished":"2018-09-11T08:00:51+00:00","dateModified":"2025-03-03T16:05:57+00:00","description":"Unsere Zahnarztpraxis in Sopron steht unseren Patienten seit 2006 zur Verf\u00fcgung. Zahnimplantate, Professionelle Zahnaufhellung, ALL ON 4, Zahnprothesen im Zahnarztpraxis Dr. Szab\u00f3 in Sopron.","inLanguage":"de-DE","potentialAction":[{"@type":"ReadAction","target":["https:\/\/soprondental.com\/de\/"]}]},{"@type":"WebSite","@id":"https:\/\/soprondental.com\/de\/#website","url":"https:\/\/soprondental.com\/de\/","name":"Sopron - Zahnarzt Praxis Dr. Szab\u00f3","description":"Professzion\u00e1lis fogfeh\u00e9r\u00edt\u00e9s, fog implant\u00e1tum, ALL ON 4, fogp\u00f3tl\u00e1s f\u00e1jdalommentesen Praxis Dr. Szab\u00f3 fog\u00e1szati rendel\u0151ben Megb\u00edzhat\u00f3 Fogorvos Sopronban","potentialAction":[{"@type":"SearchAction","target":{"@type":"EntryPoint","urlTemplate":"https:\/\/soprondental.com\/de\/?s={search_term_string}"},"query-input":"required name=search_term_string"}],"inLanguage":"de-DE"}]}},"_links":{"self":[{"href":"https:\/\/soprondental.com\/de\/wp-json\/wp\/v2\/pages\/897"}],"collection":[{"href":"https:\/\/soprondental.com\/de\/wp-json\/wp\/v2\/pages"}],"about":[{"href":"https:\/\/soprondental.com\/de\/wp-json\/wp\/v2\/types\/page"}],"author":[{"embeddable":true,"href":"https:\/\/soprondental.com\/de\/wp-json\/wp\/v2\/users\/1"}],"replies":[{"embeddable":true,"href":"https:\/\/soprondental.com\/de\/wp-json\/wp\/v2\/comments?post=897"}],"version-history":[{"count":1,"href":"https:\/\/soprondental.com\/de\/wp-json\/wp\/v2\/pages\/897\/revisions"}],"predecessor-version":[{"id":1752,"href":"https:\/\/soprondental.com\/de\/wp-json\/wp\/v2\/pages\/897\/revisions\/1752"}],"wp:featuredmedia":[{"embeddable":true,"href":"https:\/\/soprondental.com\/de\/wp-json\/wp\/v2\/media\/58"}],"wp:attachment":[{"href":"https:\/\/soprondental.com\/de\/wp-json\/wp\/v2\/media?parent=897"}],"curies":[{"name":"wp","href":"https:\/\/api.w.org\/{rel}","templated":true}]}}