{"id":1697,"date":"2023-03-28T08:11:26","date_gmt":"2023-03-28T08:11:26","guid":{"rendered":"http:\/\/soprondental.com\/?page_id=1697"},"modified":"2023-03-28T08:18:50","modified_gmt":"2023-03-28T08:18:50","slug":"datenschutz","status":"publish","type":"page","link":"https:\/\/soprondental.com\/de\/datenschutz\/","title":{"rendered":"Datenschutz"},"content":{"rendered":"\n<p><strong>1. Datenverwalter und Kontaktdaten:<\/strong><\/p>\n\n\n\n<p>Firmenname: Praxis Dr. Szab\u00f3 GmbH<\/p>\n\n\n\n<p>Firmenbuchnummer: 08 09 027691<\/p>\n\n\n\n<p>Steuernummer: 25439867-1-08<\/p>\n\n\n\n<p>Firmensitz: 9400 Sopron, Okai utca 22.<\/p>\n\n\n\n<p>Postanschrift: 9400 Sopron, Okai utca 22.<\/p>\n\n\n\n<p><a><\/a>E-Mail: <a href=\"mailto:info@soprondental.com\">info@soprondental.com<\/a><\/p>\n\n\n\n<p><strong>2. Kreis der durch Datenschutz betroffenen Personen (<em>im Weiteren Betroffene\/betroffener Person<\/em>):<\/strong><\/p>\n\n\n\n<p>Betroffen sind nat\u00fcrliche oder juristische Personen, bzw. Organisationen, ohne juristischer Pers\u00f6nlichkeit, welche durch Ausf\u00fcllen von Bestellformularen, als Auftraggeber\/Interessent freiwillig Daten liefern.<\/p>\n\n\n\n<p><strong>3. behandelte Daten:<\/strong><\/p>\n\n\n\n<p>Name, Adresse, E-Mail Adresse, Telefonnummer; bei der Anamnese oder bei der Behandlung fixierten Gesundheitsdaten.<\/p>\n\n\n\n<p><strong>4. Ziel vom Datenschutz<\/strong><\/p>\n\n\n\n<p>Vereinfachung der Kontaktaufnahme zwischen dem betroffenen Person und dem Datenverwalter.<\/p>\n\n\n\n<p><strong>5. Zeit der Datenverwaltung:<\/strong><\/p>\n\n\n\n<p>Die Datenverwaltung dauert bis dahin, bis der betroffene Person das L\u00f6schen seiner personenbezogenen Daten bei dem Datenverwalter anfordert.<\/p>\n\n\n\n<p>Aufgrund der in Anspruch genommenen Dienstleistungen herausgestellte Rechnung, die&nbsp; bei der Registration angegebenen Kundendaten beinhaltet, wird solange aufbewahrt, wie es in dem Buchhaltungsgesetz vorgeschrieben ist.<\/p>\n\n\n\n<p><strong>6. Art und Weise der Datenverwaltung:<\/strong><\/p>\n\n\n\n<p>Der Datenverwalter gibt die personenbezogenen Daten an Dritte nicht weiter. Diese Beschr\u00e4nkung bezieht sich auf die, vom Gesetz vorgeschriebenen Daten\u00fcbertragung nicht.<\/p>\n\n\n\n<p><strong>7. Rechte und Rechtsbehelf der betroffenen Personen<\/strong><\/p>\n\n\n\n<p><strong>Der betroffene Person kann<\/strong>:<\/p>\n\n\n\n<ul>\n<li>um Auskunft \u00fcber die Verwaltung seiner personenbezogenen Daten bitten<\/li>\n\n\n\n<li>um Korrektion seiner personenbezogenen Daten bitten<\/li>\n\n\n\n<li>um L\u00f6schen seiner personenbezogenen Daten bitten<\/li>\n\n\n\n<li>gegen die Verwaltung seiner personenbezogenen Daten Einwand erheben<\/li>\n\n\n\n<li>im Falle einer Rechtsverletzung vor Gericht gehen<\/li>\n<\/ul>\n\n\n\n<p>Der Betroffene kann die Zurechtweisung nur in den F\u00e4llen laut \u00a7 9 Abs. 1 und&nbsp; \u00a7 19 verweigern.<\/p>\n\n\n\n<p>Der Datenverwalter gibt aufgrund der Bitte des Betroffenen Information \u00fcber die von ihm, bzw. \u00fcber die, von ihm beauftragten Datenbearbeiter aufgearbeiteten Daten, \u00fcber den Ziel, Rechtstitel, Zeitintervall der Datenverwaltung. Weiterhin informiert der Datenverwalter den Betroffenen \u00fcber den Namen und Adresse von dem Datenbearbeiter, bzw. \u00fcber dessen T\u00e4tigkeit im Zusammenhang mit der Datenverwaltung.&nbsp; Der Betroffene wird dar\u00fcber Bescheid gegeben an wem und wozu die Daten weitergeleitet werden. Der Datenverwalter ist verpflichtet die Information innerhalb 30 Tagen nach dem Eintreffen des Ansuchens schriftlich anzugeben. J\u00e4hrlich einmal ist diese Prozedur kostenlos, in weiteren F\u00e4llen kann die Informationserteilung gegen eine Summe von 1.200,- HUF durchgef\u00fchrt werden.<\/p>\n\n\n\n<p>Der Datenverwalter ist verpflichtet, die Wirklichkeit nicht entsprechende personenbezogenen Daten richtig zu stellen.&nbsp;<\/p>\n\n\n\n<p>Die personenbezogenen Daten sollen gel\u00f6scht werden, wenn:<\/p>\n\n\n\n<ul>\n<li>die Behandlung rechtswidrig ist,<\/li>\n\n\n\n<li>der Betroffene um das L\u00f6schen der Daten bittet,<\/li>\n\n\n\n<li>diese mangelhaft oder falsch ist \u2013 und diese Situation legitim nicht korrigiert werden kann \u2013, vorausgesetzt, wenn das Gesetz die L\u00f6schung nicht ausschlie\u00dft<\/li>\n\n\n\n<li>der Ziel der Datenverwaltung entf\u00e4llt, die gesetzlich vorgeschriebene Frist der Datenaufbewahrung abgelaufen ist<\/li>\n\n\n\n<li>das L\u00f6schen von dem Gericht oder von der Nationalen Beh\u00f6rde f\u00fcr Datenschutz und Informationsfreiheit verordnet wird.<\/li>\n<\/ul>\n\n\n\n<p>Der betroffene Person kann, aus Gr\u00fcnden gem.&nbsp; \u00a7 21. gegen die Verwaltung seiner personenbezogenen Daten Einspruch erheben. In diesem Fall ist der Datenverwalter verpflichtet den Protest innerhalb von 15 Tagen nach dem Einreichen des Ansuchens zu \u00fcberpr\u00fcfen, und den Bittsteller \u00fcber das Ergebnis schriftlich zu benachrichtigen. Wenn der betroffene Person mit der Entscheidung des Datenverwalters nicht einverstanden ist, bzw. wenn der Datenverwalter die Frist verpasst, dann kann sich der Betroffene innerhalb von 30 Tagen nach der Benachrichtigung \u00fcber die Entscheidung oder nach dem Ablauf der Frist an das Gericht wenden.<\/p>\n\n\n\n<p>Der betroffene Person kann sich im Falle der Verl\u00e4tzung seiner Rechten gem\u00e4\u00df&nbsp; \u00a7 22 an das Gericht wenden. Rechtsbehelf, oder Beschwerden sind bei der Nationalen Beh\u00f6rde f\u00fcr Datenschutz und Informationsfreiheit m\u00f6glich:<\/p>\n\n\n\n<p>Name: Nemzeti Adatv\u00e9delmi \u00e9s Inform\u00e1ci\u00f3szabads\u00e1g Hat\u00f3s\u00e1g \/ Nationale Beh\u00f6rde f\u00fcr Datenschutz und Informationsfreiheit<br>Sitz: 1024 Budapest, Szil\u00e1gyi Erzs\u00e9bet fasor 22\/C.<br>Webseite: www.naih.hu<br>Tel.:+36(1)391-1400<br>E-Mail: ugyfelszolgalat@naih.hu<\/p>\n","protected":false},"excerpt":{"rendered":"<p>1. Datenverwalter und Kontaktdaten: Firmenname: Praxis Dr. Szab\u00f3 GmbH Firmenbuchnummer: [&hellip;]<\/p>\n","protected":false},"author":1,"featured_media":0,"parent":0,"menu_order":0,"comment_status":"closed","ping_status":"open","template":"","meta":[],"acf":[],"yoast_head":"<!-- This site is optimized with the Yoast SEO plugin v20.4 - https:\/\/yoast.com\/wordpress\/plugins\/seo\/ -->\n<title>Datenschutz - Sopron - Zahnarzt Praxis Dr. Szab\u00f3<\/title>\n<meta name=\"robots\" content=\"index, follow, max-snippet:-1, max-image-preview:large, max-video-preview:-1\" \/>\n<link rel=\"canonical\" href=\"https:\/\/soprondental.com\/de\/datenschutz\/\" \/>\n<meta property=\"og:locale\" content=\"de_DE\" \/>\n<meta property=\"og:type\" content=\"article\" \/>\n<meta property=\"og:title\" content=\"Datenschutz - Sopron - Zahnarzt Praxis Dr. Szab\u00f3\" \/>\n<meta property=\"og:description\" content=\"1. Datenverwalter und Kontaktdaten: Firmenname: Praxis Dr. Szab\u00f3 GmbH Firmenbuchnummer: [&hellip;]\" \/>\n<meta property=\"og:url\" content=\"https:\/\/soprondental.com\/de\/datenschutz\/\" \/>\n<meta property=\"og:site_name\" content=\"Sopron - Zahnarzt Praxis Dr. Szab\u00f3\" \/>\n<meta property=\"article:modified_time\" content=\"2023-03-28T08:18:50+00:00\" \/>\n<meta name=\"twitter:card\" content=\"summary_large_image\" \/>\n<meta name=\"twitter:label1\" content=\"Gesch\u00e4tzte Lesezeit\" \/>\n\t<meta name=\"twitter:data1\" content=\"3 Minuten\" \/>\n<script type=\"application\/ld+json\" class=\"yoast-schema-graph\">{\"@context\":\"https:\/\/schema.org\",\"@graph\":[{\"@type\":\"WebPage\",\"@id\":\"https:\/\/soprondental.com\/de\/datenschutz\/\",\"url\":\"https:\/\/soprondental.com\/de\/datenschutz\/\",\"name\":\"Datenschutz - Sopron - Zahnarzt Praxis Dr. Szab\u00f3\",\"isPartOf\":{\"@id\":\"https:\/\/soprondental.com\/de\/#website\"},\"datePublished\":\"2023-03-28T08:11:26+00:00\",\"dateModified\":\"2023-03-28T08:18:50+00:00\",\"inLanguage\":\"de-DE\",\"potentialAction\":[{\"@type\":\"ReadAction\",\"target\":[\"https:\/\/soprondental.com\/de\/datenschutz\/\"]}]},{\"@type\":\"WebSite\",\"@id\":\"https:\/\/soprondental.com\/de\/#website\",\"url\":\"https:\/\/soprondental.com\/de\/\",\"name\":\"Sopron - Zahnarzt Praxis Dr. Szab\u00f3\",\"description\":\"Professzion\u00e1lis fogfeh\u00e9r\u00edt\u00e9s, fog implant\u00e1tum, ALL ON 4, fogp\u00f3tl\u00e1s f\u00e1jdalommentesen Praxis Dr. Szab\u00f3 fog\u00e1szati rendel\u0151ben Megb\u00edzhat\u00f3 Fogorvos Sopronban\",\"potentialAction\":[{\"@type\":\"SearchAction\",\"target\":{\"@type\":\"EntryPoint\",\"urlTemplate\":\"https:\/\/soprondental.com\/de\/?s={search_term_string}\"},\"query-input\":\"required name=search_term_string\"}],\"inLanguage\":\"de-DE\"}]}<\/script>\n<!-- \/ Yoast SEO plugin. -->","yoast_head_json":{"title":"Datenschutz - Sopron - Zahnarzt Praxis Dr. Szab\u00f3","robots":{"index":"index","follow":"follow","max-snippet":"max-snippet:-1","max-image-preview":"max-image-preview:large","max-video-preview":"max-video-preview:-1"},"canonical":"https:\/\/soprondental.com\/de\/datenschutz\/","og_locale":"de_DE","og_type":"article","og_title":"Datenschutz - Sopron - Zahnarzt Praxis Dr. Szab\u00f3","og_description":"1. Datenverwalter und Kontaktdaten: Firmenname: Praxis Dr. Szab\u00f3 GmbH Firmenbuchnummer: [&hellip;]","og_url":"https:\/\/soprondental.com\/de\/datenschutz\/","og_site_name":"Sopron - Zahnarzt Praxis Dr. Szab\u00f3","article_modified_time":"2023-03-28T08:18:50+00:00","twitter_card":"summary_large_image","twitter_misc":{"Gesch\u00e4tzte Lesezeit":"3 Minuten"},"schema":{"@context":"https:\/\/schema.org","@graph":[{"@type":"WebPage","@id":"https:\/\/soprondental.com\/de\/datenschutz\/","url":"https:\/\/soprondental.com\/de\/datenschutz\/","name":"Datenschutz - Sopron - Zahnarzt Praxis Dr. Szab\u00f3","isPartOf":{"@id":"https:\/\/soprondental.com\/de\/#website"},"datePublished":"2023-03-28T08:11:26+00:00","dateModified":"2023-03-28T08:18:50+00:00","inLanguage":"de-DE","potentialAction":[{"@type":"ReadAction","target":["https:\/\/soprondental.com\/de\/datenschutz\/"]}]},{"@type":"WebSite","@id":"https:\/\/soprondental.com\/de\/#website","url":"https:\/\/soprondental.com\/de\/","name":"Sopron - Zahnarzt Praxis Dr. Szab\u00f3","description":"Professzion\u00e1lis fogfeh\u00e9r\u00edt\u00e9s, fog implant\u00e1tum, ALL ON 4, fogp\u00f3tl\u00e1s f\u00e1jdalommentesen Praxis Dr. Szab\u00f3 fog\u00e1szati rendel\u0151ben Megb\u00edzhat\u00f3 Fogorvos Sopronban","potentialAction":[{"@type":"SearchAction","target":{"@type":"EntryPoint","urlTemplate":"https:\/\/soprondental.com\/de\/?s={search_term_string}"},"query-input":"required name=search_term_string"}],"inLanguage":"de-DE"}]}},"_links":{"self":[{"href":"https:\/\/soprondental.com\/de\/wp-json\/wp\/v2\/pages\/1697"}],"collection":[{"href":"https:\/\/soprondental.com\/de\/wp-json\/wp\/v2\/pages"}],"about":[{"href":"https:\/\/soprondental.com\/de\/wp-json\/wp\/v2\/types\/page"}],"author":[{"embeddable":true,"href":"https:\/\/soprondental.com\/de\/wp-json\/wp\/v2\/users\/1"}],"replies":[{"embeddable":true,"href":"https:\/\/soprondental.com\/de\/wp-json\/wp\/v2\/comments?post=1697"}],"version-history":[{"count":0,"href":"https:\/\/soprondental.com\/de\/wp-json\/wp\/v2\/pages\/1697\/revisions"}],"wp:attachment":[{"href":"https:\/\/soprondental.com\/de\/wp-json\/wp\/v2\/media?parent=1697"}],"curies":[{"name":"wp","href":"https:\/\/api.w.org\/{rel}","templated":true}]}}