{"id":1459,"date":"2023-03-23T09:19:51","date_gmt":"2023-03-23T09:19:51","guid":{"rendered":"http:\/\/soprondental.com\/?page_id=1459"},"modified":"2023-03-23T09:38:56","modified_gmt":"2023-03-23T09:38:56","slug":"uber-uns","status":"publish","type":"page","link":"https:\/\/soprondental.com\/de\/uber-uns\/","title":{"rendered":"\u00dcber uns"},"content":{"rendered":"","protected":false},"excerpt":{"rendered":"","protected":false},"author":1,"featured_media":804,"parent":0,"menu_order":0,"comment_status":"closed","ping_status":"closed","template":"template_rolunk.php","meta":[],"acf":[],"yoast_head":"<!-- This site is optimized with the Yoast SEO plugin v20.4 - https:\/\/yoast.com\/wordpress\/plugins\/seo\/ -->\n<title>\u00dcber uns - Sopron - Zahnarzt Praxis Dr. Szab\u00f3<\/title>\n<meta name=\"robots\" content=\"index, follow, max-snippet:-1, max-image-preview:large, max-video-preview:-1\" \/>\n<link rel=\"canonical\" href=\"https:\/\/soprondental.com\/de\/uber-uns\/\" \/>\n<meta property=\"og:locale\" content=\"de_DE\" \/>\n<meta property=\"og:type\" content=\"article\" \/>\n<meta property=\"og:title\" content=\"\u00dcber uns - Sopron - Zahnarzt Praxis Dr. Szab\u00f3\" \/>\n<meta property=\"og:url\" content=\"https:\/\/soprondental.com\/de\/uber-uns\/\" \/>\n<meta property=\"og:site_name\" content=\"Sopron - Zahnarzt Praxis Dr. Szab\u00f3\" \/>\n<meta property=\"article:modified_time\" content=\"2023-03-23T09:38:56+00:00\" \/>\n<meta property=\"og:image\" content=\"https:\/\/soprondental.com\/wp-content\/uploads\/2018\/08\/prdr_color_rolunk_hero_1920x500.jpg\" \/>\n\t<meta property=\"og:image:width\" content=\"1682\" \/>\n\t<meta property=\"og:image:height\" content=\"438\" \/>\n\t<meta property=\"og:image:type\" content=\"image\/jpeg\" \/>\n<meta name=\"twitter:card\" content=\"summary_large_image\" \/>\n<script type=\"application\/ld+json\" class=\"yoast-schema-graph\">{\"@context\":\"https:\/\/schema.org\",\"@graph\":[{\"@type\":\"WebPage\",\"@id\":\"https:\/\/soprondental.com\/de\/uber-uns\/\",\"url\":\"https:\/\/soprondental.com\/de\/uber-uns\/\",\"name\":\"\u00dcber uns - Sopron - Zahnarzt Praxis Dr. Szab\u00f3\",\"isPartOf\":{\"@id\":\"https:\/\/soprondental.com\/de\/#website\"},\"datePublished\":\"2023-03-23T09:19:51+00:00\",\"dateModified\":\"2023-03-23T09:38:56+00:00\",\"inLanguage\":\"de-DE\",\"potentialAction\":[{\"@type\":\"ReadAction\",\"target\":[\"https:\/\/soprondental.com\/de\/uber-uns\/\"]}]},{\"@type\":\"WebSite\",\"@id\":\"https:\/\/soprondental.com\/de\/#website\",\"url\":\"https:\/\/soprondental.com\/de\/\",\"name\":\"Sopron - Zahnarzt Praxis Dr. Szab\u00f3\",\"description\":\"Professzion\u00e1lis fogfeh\u00e9r\u00edt\u00e9s, fog implant\u00e1tum, ALL ON 4, fogp\u00f3tl\u00e1s f\u00e1jdalommentesen Praxis Dr. Szab\u00f3 fog\u00e1szati rendel\u0151ben Megb\u00edzhat\u00f3 Fogorvos Sopronban\",\"potentialAction\":[{\"@type\":\"SearchAction\",\"target\":{\"@type\":\"EntryPoint\",\"urlTemplate\":\"https:\/\/soprondental.com\/de\/?s={search_term_string}\"},\"query-input\":\"required name=search_term_string\"}],\"inLanguage\":\"de-DE\"}]}<\/script>\n<!-- \/ Yoast SEO plugin. -->","yoast_head_json":{"title":"\u00dcber uns - Sopron - Zahnarzt Praxis Dr. Szab\u00f3","robots":{"index":"index","follow":"follow","max-snippet":"max-snippet:-1","max-image-preview":"max-image-preview:large","max-video-preview":"max-video-preview:-1"},"canonical":"https:\/\/soprondental.com\/de\/uber-uns\/","og_locale":"de_DE","og_type":"article","og_title":"\u00dcber uns - Sopron - Zahnarzt Praxis Dr. Szab\u00f3","og_url":"https:\/\/soprondental.com\/de\/uber-uns\/","og_site_name":"Sopron - Zahnarzt Praxis Dr. Szab\u00f3","article_modified_time":"2023-03-23T09:38:56+00:00","og_image":[{"width":1682,"height":438,"url":"https:\/\/soprondental.com\/wp-content\/uploads\/2018\/08\/prdr_color_rolunk_hero_1920x500.jpg","type":"image\/jpeg"}],"twitter_card":"summary_large_image","schema":{"@context":"https:\/\/schema.org","@graph":[{"@type":"WebPage","@id":"https:\/\/soprondental.com\/de\/uber-uns\/","url":"https:\/\/soprondental.com\/de\/uber-uns\/","name":"\u00dcber uns - Sopron - Zahnarzt Praxis Dr. Szab\u00f3","isPartOf":{"@id":"https:\/\/soprondental.com\/de\/#website"},"datePublished":"2023-03-23T09:19:51+00:00","dateModified":"2023-03-23T09:38:56+00:00","inLanguage":"de-DE","potentialAction":[{"@type":"ReadAction","target":["https:\/\/soprondental.com\/de\/uber-uns\/"]}]},{"@type":"WebSite","@id":"https:\/\/soprondental.com\/de\/#website","url":"https:\/\/soprondental.com\/de\/","name":"Sopron - Zahnarzt Praxis Dr. Szab\u00f3","description":"Professzion\u00e1lis fogfeh\u00e9r\u00edt\u00e9s, fog implant\u00e1tum, ALL ON 4, fogp\u00f3tl\u00e1s f\u00e1jdalommentesen Praxis Dr. Szab\u00f3 fog\u00e1szati rendel\u0151ben Megb\u00edzhat\u00f3 Fogorvos Sopronban","potentialAction":[{"@type":"SearchAction","target":{"@type":"EntryPoint","urlTemplate":"https:\/\/soprondental.com\/de\/?s={search_term_string}"},"query-input":"required name=search_term_string"}],"inLanguage":"de-DE"}]}},"_links":{"self":[{"href":"https:\/\/soprondental.com\/de\/wp-json\/wp\/v2\/pages\/1459"}],"collection":[{"href":"https:\/\/soprondental.com\/de\/wp-json\/wp\/v2\/pages"}],"about":[{"href":"https:\/\/soprondental.com\/de\/wp-json\/wp\/v2\/types\/page"}],"author":[{"embeddable":true,"href":"https:\/\/soprondental.com\/de\/wp-json\/wp\/v2\/users\/1"}],"replies":[{"embeddable":true,"href":"https:\/\/soprondental.com\/de\/wp-json\/wp\/v2\/comments?post=1459"}],"version-history":[{"count":0,"href":"https:\/\/soprondental.com\/de\/wp-json\/wp\/v2\/pages\/1459\/revisions"}],"wp:featuredmedia":[{"embeddable":true,"href":"https:\/\/soprondental.com\/de\/wp-json\/wp\/v2\/media\/804"}],"wp:attachment":[{"href":"https:\/\/soprondental.com\/de\/wp-json\/wp\/v2\/media?parent=1459"}],"curies":[{"name":"wp","href":"https:\/\/api.w.org\/{rel}","templated":true}]}}