{"id":1206,"date":"2018-09-14T09:25:07","date_gmt":"2018-09-14T09:25:07","guid":{"rendered":"http:\/\/soprondental.com\/?page_id=1206"},"modified":"2018-09-14T09:27:15","modified_gmt":"2018-09-14T09:27:15","slug":"blog","status":"publish","type":"page","link":"https:\/\/soprondental.com\/de\/blog\/","title":{"rendered":"Blog"},"content":{"rendered":"","protected":false},"excerpt":{"rendered":"","protected":false},"author":1,"featured_media":888,"parent":0,"menu_order":0,"comment_status":"closed","ping_status":"closed","template":"template_blog.php","meta":[],"acf":[],"yoast_head":"<!-- This site is optimized with the Yoast SEO plugin v20.4 - https:\/\/yoast.com\/wordpress\/plugins\/seo\/ -->\n<title>Blog - Sopron - Zahnarzt Praxis Dr. Szab\u00f3<\/title>\n<meta name=\"robots\" content=\"index, follow, max-snippet:-1, max-image-preview:large, max-video-preview:-1\" \/>\n<link rel=\"canonical\" href=\"https:\/\/soprondental.com\/de\/blog\/\" \/>\n<meta property=\"og:locale\" content=\"de_DE\" \/>\n<meta property=\"og:type\" content=\"article\" \/>\n<meta property=\"og:title\" content=\"Blog - Sopron - Zahnarzt Praxis Dr. Szab\u00f3\" \/>\n<meta property=\"og:url\" content=\"https:\/\/soprondental.com\/de\/blog\/\" \/>\n<meta property=\"og:site_name\" content=\"Sopron - Zahnarzt Praxis Dr. Szab\u00f3\" \/>\n<meta property=\"article:modified_time\" content=\"2018-09-14T09:27:15+00:00\" \/>\n<meta property=\"og:image\" content=\"https:\/\/soprondental.com\/wp-content\/uploads\/2018\/09\/prdr_color_hero_blog_1920x500.jpg\" \/>\n\t<meta property=\"og:image:width\" content=\"1682\" \/>\n\t<meta property=\"og:image:height\" content=\"438\" \/>\n\t<meta property=\"og:image:type\" content=\"image\/jpeg\" \/>\n<meta name=\"twitter:card\" content=\"summary_large_image\" \/>\n<script type=\"application\/ld+json\" class=\"yoast-schema-graph\">{\"@context\":\"https:\/\/schema.org\",\"@graph\":[{\"@type\":\"WebPage\",\"@id\":\"https:\/\/soprondental.com\/de\/blog\/\",\"url\":\"https:\/\/soprondental.com\/de\/blog\/\",\"name\":\"Blog - Sopron - Zahnarzt Praxis Dr. Szab\u00f3\",\"isPartOf\":{\"@id\":\"https:\/\/soprondental.com\/de\/#website\"},\"datePublished\":\"2018-09-14T09:25:07+00:00\",\"dateModified\":\"2018-09-14T09:27:15+00:00\",\"inLanguage\":\"de-DE\",\"potentialAction\":[{\"@type\":\"ReadAction\",\"target\":[\"https:\/\/soprondental.com\/de\/blog\/\"]}]},{\"@type\":\"WebSite\",\"@id\":\"https:\/\/soprondental.com\/de\/#website\",\"url\":\"https:\/\/soprondental.com\/de\/\",\"name\":\"Sopron - Zahnarzt Praxis Dr. Szab\u00f3\",\"description\":\"Professzion\u00e1lis fogfeh\u00e9r\u00edt\u00e9s, fog implant\u00e1tum, ALL ON 4, fogp\u00f3tl\u00e1s f\u00e1jdalommentesen Praxis Dr. Szab\u00f3 fog\u00e1szati rendel\u0151ben Megb\u00edzhat\u00f3 Fogorvos Sopronban\",\"potentialAction\":[{\"@type\":\"SearchAction\",\"target\":{\"@type\":\"EntryPoint\",\"urlTemplate\":\"https:\/\/soprondental.com\/de\/?s={search_term_string}\"},\"query-input\":\"required name=search_term_string\"}],\"inLanguage\":\"de-DE\"}]}<\/script>\n<!-- \/ Yoast SEO plugin. -->","yoast_head_json":{"title":"Blog - Sopron - Zahnarzt Praxis Dr. Szab\u00f3","robots":{"index":"index","follow":"follow","max-snippet":"max-snippet:-1","max-image-preview":"max-image-preview:large","max-video-preview":"max-video-preview:-1"},"canonical":"https:\/\/soprondental.com\/de\/blog\/","og_locale":"de_DE","og_type":"article","og_title":"Blog - Sopron - Zahnarzt Praxis Dr. Szab\u00f3","og_url":"https:\/\/soprondental.com\/de\/blog\/","og_site_name":"Sopron - Zahnarzt Praxis Dr. Szab\u00f3","article_modified_time":"2018-09-14T09:27:15+00:00","og_image":[{"width":1682,"height":438,"url":"https:\/\/soprondental.com\/wp-content\/uploads\/2018\/09\/prdr_color_hero_blog_1920x500.jpg","type":"image\/jpeg"}],"twitter_card":"summary_large_image","schema":{"@context":"https:\/\/schema.org","@graph":[{"@type":"WebPage","@id":"https:\/\/soprondental.com\/de\/blog\/","url":"https:\/\/soprondental.com\/de\/blog\/","name":"Blog - Sopron - Zahnarzt Praxis Dr. Szab\u00f3","isPartOf":{"@id":"https:\/\/soprondental.com\/de\/#website"},"datePublished":"2018-09-14T09:25:07+00:00","dateModified":"2018-09-14T09:27:15+00:00","inLanguage":"de-DE","potentialAction":[{"@type":"ReadAction","target":["https:\/\/soprondental.com\/de\/blog\/"]}]},{"@type":"WebSite","@id":"https:\/\/soprondental.com\/de\/#website","url":"https:\/\/soprondental.com\/de\/","name":"Sopron - Zahnarzt Praxis Dr. Szab\u00f3","description":"Professzion\u00e1lis fogfeh\u00e9r\u00edt\u00e9s, fog implant\u00e1tum, ALL ON 4, fogp\u00f3tl\u00e1s f\u00e1jdalommentesen Praxis Dr. Szab\u00f3 fog\u00e1szati rendel\u0151ben Megb\u00edzhat\u00f3 Fogorvos Sopronban","potentialAction":[{"@type":"SearchAction","target":{"@type":"EntryPoint","urlTemplate":"https:\/\/soprondental.com\/de\/?s={search_term_string}"},"query-input":"required name=search_term_string"}],"inLanguage":"de-DE"}]}},"_links":{"self":[{"href":"https:\/\/soprondental.com\/de\/wp-json\/wp\/v2\/pages\/1206"}],"collection":[{"href":"https:\/\/soprondental.com\/de\/wp-json\/wp\/v2\/pages"}],"about":[{"href":"https:\/\/soprondental.com\/de\/wp-json\/wp\/v2\/types\/page"}],"author":[{"embeddable":true,"href":"https:\/\/soprondental.com\/de\/wp-json\/wp\/v2\/users\/1"}],"replies":[{"embeddable":true,"href":"https:\/\/soprondental.com\/de\/wp-json\/wp\/v2\/comments?post=1206"}],"version-history":[{"count":0,"href":"https:\/\/soprondental.com\/de\/wp-json\/wp\/v2\/pages\/1206\/revisions"}],"wp:featuredmedia":[{"embeddable":true,"href":"https:\/\/soprondental.com\/de\/wp-json\/wp\/v2\/media\/888"}],"wp:attachment":[{"href":"https:\/\/soprondental.com\/de\/wp-json\/wp\/v2\/media?parent=1206"}],"curies":[{"name":"wp","href":"https:\/\/api.w.org\/{rel}","templated":true}]}}